{"id":3808,"date":"2009-06-19T16:29:15","date_gmt":"2009-06-19T13:29:15","guid":{"rendered":"http:\/\/revistacioburi.ro\/?page_id=3808"},"modified":"2014-01-25T12:05:36","modified_gmt":"2014-01-25T12:05:36","slug":"scurt-istoric","status":"publish","type":"page","link":"https:\/\/revistacioburi.ro\/revistacioburi\/despre-noi\/scurt-istoric\/","title":{"rendered":"Scurt istoric"},"content":{"rendered":"<p>Ideea de Cioburi a prins via\u0163\u0103 cam pe la \u00eenceputul mileniului \u0103sta. Se f\u0103cea c\u0103 era o zi tipic\u0103 de toamn\u0103, cu multe pete de culoare \u015fi cu pu\u0163ine puncte de credit. Ca mai to\u0163i studen\u0163ii locului, traseser\u0103m \u00een Jeg &#8211; c\u00e2rciuma din campus, degust\u00e2nd berile cuvenite deja fatidicei a\u015ftept\u0103ri a rezultatelor unei oarecare restan\u0163e. Atunci, \u00een toiul fr\u0103m\u00e2ntarilor, ne-am c\u0103cat o idee: <em>B\u0103, hai s\u0103 ne facem o revist\u0103!<\/em><\/p>\n<p>Dup\u0103 g\u0103sirea titlului potrivit &#8211; <em>Cioburi, c\u0103 sun\u0103 spart<\/em> &#8211; \u015fi trasarea unei direc\u0163ii &#8211; <em>s\u0103 fie o revist\u0103 despre orice<\/em>, timp de mai bine de un an am r\u0103mas doar cu discu\u0163iile dar nu \u00een ultimul r\u00e2nd cu berile \u015fi cu cafelele consumate, elemente cheie care au dat \u015fi savoarea \u201c\u015fedin\u0163elor de redac\u0163ie\u201d.<\/p>\n<p>Sf\u00e2r\u015fitul lui 2001 ne-a g\u0103sit, \u00een schimb, sp\u0103rg\u00e2nd pu\u015fculi\u0163ele; primul \u201ctiraj\u201d era \u00een a\u015fteptare; d\u0103duser\u0103m, \u00een sf\u00e2r\u015fit, primul num\u0103r. Dup\u0103 ce am imprimat cele patru pagini A4, \u00eenchegate cu entuziasm \u015fi r\u0103bdare de pc-ul \u201credac\u0163iei\u201d, un P1 la 133MH, cu 16MB RAM &#8211; fumam dou\u0103 \u0163ig\u0103ri p\u00e2n\u0103 se deschidea Publisher-ul &#8211; am multiplicat cele dou\u0103 foi \u00een o sut\u0103 \u015fi ceva de exemplare \u015fi le-am plasat spre distribuire, unde \u00een alt\u0103 parte dac\u0103 nu la Jegosu\u2019. Succesul nu a fost deloc unul nebun. Dar nici unul s\u0103n\u0103tos nu a fost. A curs mult\u0103 bere\u2026 Jegul a fost de altfel \u015fi sponsorul principal al revistei, supliment\u00e2nd fondurile necesare public\u0103rii urm\u0103toarelor dou\u0103 numere ce au mai apucat s\u0103 prind\u0103 tu\u015ful imprimantei \u00een perioada imediat urm\u0103toare. Cioburi IV, de\u015fi aproape gata, s-a r\u0103t\u0103cit printre stivele de cursuri fotocopiate.<\/p>\n<p>Cioburi a \u00eensemnat entuziasm, bere mult\u0103 \u015fi amuzament de bodeg\u0103. \u015ei nu face con\u0163inutul c\u00e2t a f\u0103cut ideea \u00een sine. Pentru cine are curiozitatea \u015fi r\u0103bdarea s\u0103 fac\u0103 un slalom printre r\u00e2nduri, iat\u0103 \u015fi primele dar \u00een acela\u015fi timp \u015fi ultimele trei numere duse p\u00e2n\u0103 la cap\u0103t din vechile Cioburi:<\/p>\n<p><!--\n.gallery {\nmargin: auto;\n}\n.gallery-item {\nfloat: center;\nmargin-top: 10px;\ntext-align: center;\nwidth: 33%;\t\t\t}\n.gallery img {\nborder: 2px solid #cfcfcf;\n}\n.gallery-caption {\nmargin-left: 0;\n}\n--><br \/>\n<!-- see gallery_shortcode() in wp-includes\/media.php --><\/p>\n<div class=\"gallery\">\n<dl class=\"gallery-item\" style=\"width: 160px;\">\n<dt class=\"gallery-icon\"><a title=\"thumbbig1\" href=\"https:\/\/revistacioburi.ro\/revistacioburi\/wp-content\/uploads\/2009\/04\/thumbbig1.jpg\"><img loading=\"lazy\" decoding=\"async\" class=\"attachment-thumbnail\" alt=\"\" src=\"https:\/\/revistacioburi.ro\/revistacioburi\/wp-content\/uploads\/2009\/04\/thumbbig1-150x150.jpg\" width=\"150\" height=\"150\" \/><\/a><\/dt>\n<\/dl>\n<dl class=\"gallery-item\">\n<dt class=\"gallery-icon\"><a title=\"thumbbig2\" href=\"https:\/\/revistacioburi.ro\/revistacioburi\/wp-content\/uploads\/2009\/04\/thumbbig2.jpg\"><img loading=\"lazy\" decoding=\"async\" class=\"attachment-thumbnail\" alt=\"\" src=\"https:\/\/revistacioburi.ro\/revistacioburi\/wp-content\/uploads\/2009\/04\/thumbbig2-150x150.jpg\" width=\"150\" height=\"150\" \/><\/a><\/dt>\n<\/dl>\n<\/div>\n<dl><\/dl>\n<dl class=\"gallery-item\">\n<dt class=\"gallery-icon\"><a title=\"thumbbig3\" href=\"https:\/\/revistacioburi.ro\/revistacioburi\/wp-content\/uploads\/2009\/04\/thumbbig3.jpg\"><img loading=\"lazy\" decoding=\"async\" class=\"attachment-thumbnail\" alt=\"\" src=\"https:\/\/revistacioburi.ro\/revistacioburi\/wp-content\/uploads\/2009\/04\/thumbbig3-150x150.jpg\" width=\"150\" height=\"150\" \/><\/a><\/dt>\n<\/dl>\n<p>&nbsp;<\/p>\n<dl class=\"gallery-item\">\n<dt class=\"gallery-icon\"><a title=\"thumbbig4\" href=\"https:\/\/revistacioburi.ro\/revistacioburi\/wp-content\/uploads\/2009\/04\/thumbbig4.jpg\"><img loading=\"lazy\" decoding=\"async\" class=\"attachment-thumbnail\" alt=\"\" src=\"https:\/\/revistacioburi.ro\/revistacioburi\/wp-content\/uploads\/2009\/04\/thumbbig4-150x150.jpg\" width=\"150\" height=\"150\" \/><\/a><\/dt>\n<\/dl>\n<dl class=\"gallery-item\">\n<dt class=\"gallery-icon\"><a title=\"thumbbig11\" href=\"https:\/\/revistacioburi.ro\/revistacioburi\/wp-content\/uploads\/2009\/04\/thumbbig11.jpg\"><img loading=\"lazy\" decoding=\"async\" class=\"attachment-thumbnail\" alt=\"\" src=\"https:\/\/revistacioburi.ro\/revistacioburi\/wp-content\/uploads\/2009\/04\/thumbbig11-150x150.jpg\" width=\"150\" height=\"150\" \/><\/a><\/dt>\n<\/dl>\n<dl class=\"gallery-item\">\n<dt class=\"gallery-icon\"><a title=\"thumbbig21\" href=\"https:\/\/revistacioburi.ro\/revistacioburi\/wp-content\/uploads\/2009\/04\/thumbbig21.jpg\"><img loading=\"lazy\" decoding=\"async\" class=\"attachment-thumbnail\" alt=\"\" src=\"https:\/\/revistacioburi.ro\/revistacioburi\/wp-content\/uploads\/2009\/04\/thumbbig21-150x150.jpg\" width=\"150\" height=\"150\" \/><\/a><\/dt>\n<\/dl>\n<p>&nbsp;<\/p>\n<dl class=\"gallery-item\">\n<dt class=\"gallery-icon\"><a title=\"thumbbig31\" href=\"https:\/\/revistacioburi.ro\/revistacioburi\/wp-content\/uploads\/2009\/04\/thumbbig31.jpg\"><img loading=\"lazy\" decoding=\"async\" class=\"attachment-thumbnail\" alt=\"\" src=\"https:\/\/revistacioburi.ro\/revistacioburi\/wp-content\/uploads\/2009\/04\/thumbbig31-150x150.jpg\" width=\"150\" height=\"150\" \/><\/a><\/dt>\n<\/dl>\n<dl class=\"gallery-item\">\n<dt class=\"gallery-icon\"><a title=\"thumbbig41\" href=\"https:\/\/revistacioburi.ro\/revistacioburi\/wp-content\/uploads\/2009\/04\/thumbbig41.jpg\"><img loading=\"lazy\" decoding=\"async\" class=\"attachment-thumbnail\" alt=\"\" src=\"https:\/\/revistacioburi.ro\/revistacioburi\/wp-content\/uploads\/2009\/04\/thumbbig41-150x150.jpg\" width=\"150\" height=\"150\" \/><\/a><\/dt>\n<\/dl>\n<dl class=\"gallery-item\">\n<dt class=\"gallery-icon\"><a title=\"thumbbig5\" href=\"https:\/\/revistacioburi.ro\/revistacioburi\/wp-content\/uploads\/2009\/04\/thumbbig5.jpg\"><img loading=\"lazy\" decoding=\"async\" class=\"attachment-thumbnail\" alt=\"\" src=\"https:\/\/revistacioburi.ro\/revistacioburi\/wp-content\/uploads\/2009\/04\/thumbbig5-150x150.jpg\" width=\"150\" height=\"150\" \/><\/a><\/dt>\n<\/dl>\n<p>&nbsp;<\/p>\n<dl class=\"gallery-item\">\n<dt class=\"gallery-icon\"><a title=\"thumbbig6\" href=\"https:\/\/revistacioburi.ro\/revistacioburi\/wp-content\/uploads\/2009\/04\/thumbbig6.jpg\"><img loading=\"lazy\" decoding=\"async\" class=\"attachment-thumbnail\" alt=\"\" src=\"https:\/\/revistacioburi.ro\/revistacioburi\/wp-content\/uploads\/2009\/04\/thumbbig6-150x150.jpg\" width=\"150\" height=\"150\" \/><\/a><\/dt>\n<\/dl>\n<dl class=\"gallery-item\">\n<dt class=\"gallery-icon\"><a title=\"thumbbig12\" href=\"https:\/\/revistacioburi.ro\/revistacioburi\/wp-content\/uploads\/2009\/04\/thumbbig12.jpg\"><img loading=\"lazy\" decoding=\"async\" class=\"attachment-thumbnail\" alt=\"\" src=\"https:\/\/revistacioburi.ro\/revistacioburi\/wp-content\/uploads\/2009\/04\/thumbbig12-150x150.jpg\" width=\"150\" height=\"150\" \/><\/a><\/dt>\n<\/dl>\n<dl class=\"gallery-item\">\n<dt class=\"gallery-icon\"><a title=\"thumbbig22\" href=\"https:\/\/revistacioburi.ro\/revistacioburi\/wp-content\/uploads\/2009\/04\/thumbbig22.jpg\"><img loading=\"lazy\" decoding=\"async\" class=\"attachment-thumbnail\" alt=\"\" src=\"https:\/\/revistacioburi.ro\/revistacioburi\/wp-content\/uploads\/2009\/04\/thumbbig22-150x150.jpg\" width=\"150\" height=\"150\" \/><\/a><\/dt>\n<\/dl>\n<p>&nbsp;<\/p>\n<dl class=\"gallery-item\">\n<dt class=\"gallery-icon\"><a title=\"thumbbig32\" href=\"https:\/\/revistacioburi.ro\/revistacioburi\/wp-content\/uploads\/2009\/04\/thumbbig32.jpg\"><img loading=\"lazy\" decoding=\"async\" class=\"attachment-thumbnail\" alt=\"\" src=\"https:\/\/revistacioburi.ro\/revistacioburi\/wp-content\/uploads\/2009\/04\/thumbbig32-150x150.jpg\" width=\"150\" height=\"150\" \/><\/a><\/dt>\n<\/dl>\n<dl class=\"gallery-item\">\n<dt class=\"gallery-icon\"><a title=\"thumbbig42\" href=\"https:\/\/revistacioburi.ro\/revistacioburi\/wp-content\/uploads\/2009\/04\/thumbbig42.jpg\"><img loading=\"lazy\" decoding=\"async\" class=\"attachment-thumbnail\" alt=\"\" src=\"https:\/\/revistacioburi.ro\/revistacioburi\/wp-content\/uploads\/2009\/04\/thumbbig42-150x150.jpg\" width=\"150\" height=\"150\" \/><\/a><\/dt>\n<\/dl>\n<dl class=\"gallery-item\">\n<dt class=\"gallery-icon\"><a title=\"thumbbig51\" href=\"https:\/\/revistacioburi.ro\/revistacioburi\/wp-content\/uploads\/2009\/04\/thumbbig51.jpg\"><img loading=\"lazy\" decoding=\"async\" class=\"attachment-thumbnail\" alt=\"\" src=\"https:\/\/revistacioburi.ro\/revistacioburi\/wp-content\/uploads\/2009\/04\/thumbbig51-150x150.jpg\" width=\"150\" height=\"150\" \/><\/a><\/dt>\n<\/dl>\n<p>&nbsp;<\/p>\n<dl class=\"gallery-item\">\n<dt class=\"gallery-icon\"><a title=\"thumbbig61\" href=\"https:\/\/revistacioburi.ro\/revistacioburi\/wp-content\/uploads\/2009\/04\/thumbbig61.jpg\"><img loading=\"lazy\" decoding=\"async\" class=\"attachment-thumbnail\" alt=\"\" src=\"https:\/\/revistacioburi.ro\/revistacioburi\/wp-content\/uploads\/2009\/04\/thumbbig61-150x150.jpg\" width=\"150\" height=\"150\" \/><\/a><\/dt>\n<\/dl>\n<p>A\u015fa se face c\u0103 acum, dup\u0103 \u015fase ani \u015fi jum\u0103tate de la sistarea incursiunilor \u00een tar\u00e2mul literelor, am str\u00e2ns iar\u0103\u015fi r\u00e2ndurile \u201credac\u0163iei\u201d (\u00een varianta ei l\u0103rgit\u0103) pentru a reinventa spiritul Cioburi, substituind profilul studentului electronist frustrat cu cel al \u015foarecului de birou \u00een devenire. \u00cenca o dat\u0103, ne ur\u0103m succes!<\/p>\n<p>Doamnelor, domni\u015foarelor \u015fi domnilor, stima\u0163i cititori, s\u0103 intre \u00een scena virtual\u0103, <strong>Revista Cioburi<\/strong>!<\/p>\n<p style=\"text-align: right;\">Martie, 2008<\/p>\n","protected":false},"excerpt":{"rendered":"<p>Ideea de Cioburi a prins via\u0163\u0103 cam pe la \u00eenceputul mileniului \u0103sta. Se f\u0103cea c\u0103 era o zi tipic\u0103 de toamn\u0103, cu multe pete de culoare \u015fi cu pu\u0163ine puncte de credit. Ca mai to\u0163i &hellip;<\/p>\n","protected":false},"author":3,"featured_media":0,"parent":5,"menu_order":0,"comment_status":"open","ping_status":"closed","template":"","meta":{"footnotes":""},"class_list":["post-3808","page","type-page","status-publish","hentry"],"_links":{"self":[{"href":"https:\/\/revistacioburi.ro\/revistacioburi\/wp-json\/wp\/v2\/pages\/3808","targetHints":{"allow":["GET"]}}],"collection":[{"href":"https:\/\/revistacioburi.ro\/revistacioburi\/wp-json\/wp\/v2\/pages"}],"about":[{"href":"https:\/\/revistacioburi.ro\/revistacioburi\/wp-json\/wp\/v2\/types\/page"}],"author":[{"embeddable":true,"href":"https:\/\/revistacioburi.ro\/revistacioburi\/wp-json\/wp\/v2\/users\/3"}],"replies":[{"embeddable":true,"href":"https:\/\/revistacioburi.ro\/revistacioburi\/wp-json\/wp\/v2\/comments?post=3808"}],"version-history":[{"count":3,"href":"https:\/\/revistacioburi.ro\/revistacioburi\/wp-json\/wp\/v2\/pages\/3808\/revisions"}],"predecessor-version":[{"id":11337,"href":"https:\/\/revistacioburi.ro\/revistacioburi\/wp-json\/wp\/v2\/pages\/3808\/revisions\/11337"}],"up":[{"embeddable":true,"href":"https:\/\/revistacioburi.ro\/revistacioburi\/wp-json\/wp\/v2\/pages\/5"}],"wp:attachment":[{"href":"https:\/\/revistacioburi.ro\/revistacioburi\/wp-json\/wp\/v2\/media?parent=3808"}],"curies":[{"name":"wp","href":"https:\/\/api.w.org\/{rel}","templated":true}]}}