{"id":5,"date":"2009-04-18T15:02:09","date_gmt":"2009-04-18T12:02:09","guid":{"rendered":"http:\/\/revistacioburi.ro\/?page_id=2"},"modified":"2018-01-22T11:03:07","modified_gmt":"2018-01-22T11:03:07","slug":"despre-noi","status":"publish","type":"page","link":"https:\/\/revistacioburi.ro\/revistacioburi\/despre-noi\/","title":{"rendered":"Despre noi"},"content":{"rendered":"<div>\n<p><span style=\"font-family: Arial; font-size: x-small;\"><span style=\"font-size: 10pt; font-family: Arial;\">&#8211;&#8211;&#8211;&#8211;&#8211;&#8211;&#8211;&#8211;&#8211;&#8211;&#8211;&#8211;&#8211;&#8211;&#8211;<\/span><\/span><span style=\"font-family: Arial; font-size: x-small;\"><span style=\"font-size: 10pt; font-family: Arial;\">&#8211;&#8211;-<br \/>\n<\/span><\/span><\/p>\n<p><strong><strong><span style=\"font-family: Arial; font-size: x-small;\"><span style=\"font-size: 10pt; font-family: Arial;\">Colectivul de redac\u0163ie:<\/span><\/span><\/strong><\/strong><br \/>\n<span style=\"font-family: Arial; font-size: x-small;\"><span style=\"font-size: 10pt; font-family: Arial;\"><br \/>\n<em>&#8211;<\/em><a href=\"https:\/\/revistacioburi.ro\/revistacioburi\/author\/bila\/\" target=\"_blank\" rel=\"noopener\"><em>Bil\u0103<\/em><\/a><br \/>\n<em>&#8211;<\/em><a href=\"https:\/\/revistacioburi.ro\/revistacioburi\/author\/robert\/\" target=\"_blank\" rel=\"noopener\"><em>Robert<\/em><\/a><\/span><\/span><\/p>\n<p>&nbsp;<\/p>\n<p><span style=\"font-family: Arial; font-size: x-small;\"><span style=\"font-size: 10pt; font-family: Arial;\"><strong>Fo\u015fti activi\u015fti:<\/strong><\/span><\/span><\/p>\n<p><span style=\"font-family: Arial; font-size: x-small;\"><span style=\"font-size: 10pt; font-family: Arial;\"><em>&#8211;<\/em><a href=\"https:\/\/revistacioburi.ro\/revistacioburi\/author\/ghidushie\/\" target=\"_blank\" rel=\"noopener\"><em>Ghidushie<\/em><\/a><\/span><\/span><\/p>\n<p><em>&#8211;<\/em><a href=\"https:\/\/revistacioburi.ro\/revistacioburi\/2009\/01\/prostia-si-reprezentarea-ei\/\" target=\"_blank\" rel=\"noopener\"><em>Motzoc<\/em><\/a><\/p>\n<p><em>&#8211;<\/em><a href=\"https:\/\/revistacioburi.ro\/revistacioburi\/author\/sacalu\/\" target=\"_blank\" rel=\"noopener\"><em>\u015eacalu&#8217;<\/em><\/a><\/p>\n<p>&#8211;&#8211;&#8211;&#8211;&#8211;&#8211;&#8211;&#8211;&#8211;&#8211;&#8211;&#8211;&#8211;&#8211;<\/p>\n<div><span style=\"font-family: Arial; font-size: x-small;\"><span style=\"font-size: 10pt; font-family: Arial;\"><strong><strong><span style=\"font-family: Arial;\"><span style=\"font-family: Arial;\"><a href=\"https:\/\/revistacioburi.ro\/revistacioburi\/author\/opiniacititorului\/\">Opinia Cititorului<\/a>:<\/span><\/span><\/strong><\/strong><\/span><\/span><\/div>\n<div><\/div>\n<p><span style=\"font-family: Arial; font-size: x-small;\"><span style=\"font-size: 10pt; font-family: Arial;\"><span style=\"font-family: Arial;\"><span style=\"font-family: Arial;\">&#8211;<\/span><\/span><\/span><\/span><span style=\"font-family: Arial; font-size: x-small;\"><span style=\"font-size: 10pt; font-family: Arial;\"><span style=\"font-family: Arial;\"><span style=\"font-family: Arial;\"><a href=\"http:\/\/pinguinulfurios.wordpress.com\/\" target=\"_blank\" rel=\"noopener\"><em>Pinguinulfurios<\/em><\/a><\/span><\/span><\/span><\/span><\/p>\n<p><span style=\"font-family: Arial; font-size: x-small;\"><span style=\"font-size: 10pt; font-family: Arial;\"><span style=\"font-family: Arial;\"><span style=\"font-family: Arial;\"><em>&#8211;<\/em><em>Max<\/em><\/span><\/span><\/span><\/span><\/p>\n<p><span style=\"font-family: Arial; font-size: x-small;\"><span style=\"font-size: 10pt; font-family: Arial;\"><span style=\"font-family: Arial;\"><span style=\"font-family: Arial;\"><em>&#8211;<\/em><a href=\"http:\/\/mihaipetru.wordpress.com\/\" target=\"_blank\" rel=\"noopener\"><em>Dun\u0103re<\/em><\/a><\/span><\/span><\/span><\/span><\/p>\n<p><span style=\"font-family: Arial;\">&#8211;&#8211;&#8211;&#8211;&#8211;&#8211;&#8211;&#8211;&#8211;&#8211;&#8211;&#8211;&#8211;&#8211;&#8211;&#8211;&#8211;<\/span><\/p>\n<p><span style=\"font-family: Arial;\"><strong>Colaboratori de ocazie:<\/strong><\/span><\/p>\n<p><span style=\"font-family: Arial;\"><em>-Bogdan Alexandrescu<\/em><\/span><\/p>\n<p><span style=\"font-family: Arial;\"><em>-Mircha<\/em><\/span><\/p>\n<p><span style=\"font-family: Arial; font-size: x-small;\"><span style=\"font-size: 10pt; font-family: Arial;\"><span style=\"font-family: Arial; font-size: x-small;\"><span style=\"font-size: 10pt; font-family: Arial;\">&#8211;&#8211;&#8211;&#8211;&#8211;&#8211;&#8211;&#8211;&#8211;&#8211;&#8211;&#8211;&#8211;&#8211;&#8211;<\/span><\/span><span style=\"font-family: Arial; font-size: x-small;\"><span style=\"font-size: 10pt; font-family: Arial;\">&#8211;&#8211;-<\/span><\/span><\/span><\/span><\/p>\n<p><span style=\"font-family: Arial; font-size: x-small;\"><span style=\"font-size: 10pt; font-family: Arial;\"><span style=\"font-family: Arial; font-size: x-small;\"><span style=\"font-size: 10pt; font-family: Arial;\"><strong>Suport tehnic:<\/strong><\/span><\/span><\/span><\/span><\/p>\n<p><span style=\"font-family: Arial; font-size: x-small;\"><span style=\"font-size: 10pt; font-family: Arial;\"><span style=\"font-family: Arial; font-size: x-small;\"><span style=\"font-size: 10pt; font-family: Arial;\"><em>&#8211;<\/em><a href=\"http:\/\/www.bancosul.ro\/\" target=\"_blank\" rel=\"noopener\"><em>B\u0103ncosul<\/em><\/a><\/span><\/span><\/span><\/span><\/p>\n<p><span style=\"font-family: Arial; font-size: x-small;\"><span style=\"font-size: 10pt; font-family: Arial;\"><span style=\"font-family: Arial; font-size: x-small;\"><span style=\"font-size: 10pt; font-family: Arial;\"><span style=\"font-family: Arial; font-size: x-small;\"><span style=\"font-size: 10pt; font-family: Arial;\"><span style=\"font-family: Arial; font-size: x-small;\"><span style=\"font-size: 10pt; font-family: Arial;\">&#8211;&#8211;&#8211;&#8211;&#8211;&#8211;&#8211;&#8211;&#8211;&#8211;&#8211;&#8211;&#8211;&#8211;&#8211;<\/span><\/span><span style=\"font-family: Arial; font-size: x-small;\"><span style=\"font-size: 10pt; font-family: Arial;\">&#8211;&#8211;-<\/span><\/span><\/span><\/span><\/span><\/span><\/span><\/span><\/p>\n<p><span style=\"font-family: Arial; font-size: x-small;\"><span style=\"font-size: 10pt; font-family: Arial;\"><span style=\"font-family: Arial; font-size: x-small;\"><span style=\"font-size: 10pt; font-family: Arial;\"><strong>Suport imagine\/sunet:<\/strong><\/span><\/span><\/span><\/span><\/p>\n<p><span style=\"font-family: Arial; font-size: x-small;\"><span style=\"font-size: 10pt; font-family: Arial;\"><em>-Vali Tudor<\/em><\/span><\/span><\/p>\n<p><span style=\"font-family: Arial; font-size: x-small;\"><span style=\"font-size: 10pt; font-family: Arial;\">&#8211;&#8211;&#8211;&#8211;&#8211;&#8211;&#8211;&#8211;&#8211;&#8211;&#8211;&#8211;&#8211;&#8211;&#8211;<\/span><\/span><span style=\"font-family: Arial; font-size: x-small;\"><span style=\"font-size: 10pt; font-family: Arial;\">&#8211;&#8211;-<\/span><\/span><\/p>\n<p><span style=\"font-family: Arial;\"><span style=\"font-size: 10pt; font-family: Arial;\"><strong>Prieteni imaginari:<\/strong><\/span><\/span><\/p>\n<p><span style=\"font-family: Arial;\"><br \/>\n<em>&#8211;<\/em><a href=\"https:\/\/revistacioburi.ro\/revistacioburi\/author\/ciobu\/\" target=\"_self\"><em>Doctoru&#8217; Ciobu&#8217;<br \/>\n<\/em><\/a><\/span><span style=\"font-family: Arial;\"><em>&#8211;<\/em><a href=\"https:\/\/revistacioburi.ro\/revistacioburi\/author\/caricatura\/\" target=\"_blank\" rel=\"noopener\"><em>Vincent Van Ciob<\/em><\/a><\/span><\/p>\n<p><span style=\"font-family: Arial;\">&#8211;&#8211;&#8211;&#8211;&#8211;&#8211;&#8211;&#8211;&#8211;&#8211;&#8211;&#8211;&#8211;&#8211;&#8211;&#8211;&#8211;<\/span><\/p>\n<p class=\"MsoNormal\"><span style=\"font-family: Arial; font-size: x-small;\"><span style=\"font-size: 10pt; font-family: Arial;\"><strong>Contact: <\/strong><\/span><\/span><span style=\"font-family: Arial; color: blue; font-size: x-small;\"><span style=\"font-size: 10pt; color: blue; font-family: Arial;\"><a title=\"mailto:redactia@revistacioburi.ro\" href=\"mailto:redactia@revistacioburi.ro\">redactia@revistacioburi.ro<\/a><\/span><\/span><\/p>\n<p class=\"MsoNormal\"><span style=\"font-family: Arial; font-size: x-small;\"><span style=\"font-size: 10pt; font-family: Arial;\">&#8211;&#8211;&#8211;&#8211;&#8211;&#8211;&#8211;&#8211;&#8211;&#8211;&#8211;&#8211;&#8211;&#8211;&#8211;<\/span><\/span><span style=\"font-family: Arial; font-size: x-small;\"><span style=\"font-size: 10pt; font-family: Arial;\">&#8211;&#8211;-<\/span><\/span><\/p>\n<div>\n<p><span style=\"font-family: Arial; font-size: x-small;\"><span style=\"font-size: 10pt; font-family: Arial;\"><strong>Vechile Cioburi: <\/strong><a href=\"https:\/\/revistacioburi.ro\/revistacioburi\/despre-noi\/scurt-istoric\/\">Scurt istoric<\/a><\/span><\/span><\/p>\n<div><span style=\"font-family: Arial; font-size: x-small;\"><span style=\"font-size: 10pt; font-family: Arial;\">&#8211;&#8211;&#8211;&#8211;&#8211;&#8211;&#8211;&#8211;&#8211;&#8211;&#8211;&#8211;&#8211;&#8211;&#8211;<\/span><\/span><span style=\"font-family: Arial; font-size: x-small;\"><span style=\"font-size: 10pt; font-family: Arial;\">&#8211;&#8211;-<\/span><\/span><\/div>\n<div><span style=\"font-family: Arial; font-size: x-small;\"><span style=\"font-size: 10pt; font-family: Arial;\"><br \/>\n<\/span><\/span><\/div>\n<div><strong>Reguli de &#8216;b\u00e2z\u0103&#8217;:<br \/>\n<\/strong>&#8211; Site-ul nu \u00ee\u015fi propune s\u0103 mar\u015feze pe o direc\u0163ie rasial\u0103, xenofob\u0103 sau pe oricare alt\u0103 form\u0103 de discriminare.<br \/>\n&#8211; Ne rezerv\u0103m dreptul de a nu publica\u00a0 comentariile cu tent\u0103 rasial\u0103, xenofob\u0103 sau oricare alt\u0103 form\u0103 de discriminare, \u0219i orice \u00a0comentariu care con\u021bine atac(uri) la persoan\u0103 sau grup de persoane.<\/div>\n<div><span style=\"font-family: Arial; font-size: x-small;\"><span style=\"font-size: 10pt; font-family: Arial;\"><span style=\"font-family: Arial; font-size: x-small;\"><span style=\"font-size: 10pt; font-family: Arial;\">&#8211;&#8211;&#8211;&#8211;&#8211;&#8211;&#8211;&#8211;&#8211;&#8211;&#8211;&#8211;&#8211;&#8211;&#8211;<\/span><\/span><span style=\"font-family: Arial; font-size: x-small;\"><span style=\"font-size: 10pt; font-family: Arial;\">&#8211;&#8211;-<\/span><\/span><\/span><\/span><\/div>\n<div><span style=\"font-family: Arial; font-size: x-small;\"><span style=\"font-size: 10pt; font-family: Arial;\"><br \/>\n<\/span><\/span><\/div>\n<\/div>\n<p>&nbsp;<\/p>\n<\/div>\n","protected":false},"excerpt":{"rendered":"<p>&#8211;&#8211;&#8211;&#8211;&#8211;&#8211;&#8211;&#8211;&#8211;&#8211;&#8211;&#8211;&#8211;&#8211;&#8211;&#8211;&#8211;- Colectivul de redac\u0163ie: &#8211;Bil\u0103 &#8211;Robert &nbsp; Fo\u015fti activi\u015fti: &#8211;Ghidushie &#8211;Motzoc &#8211;\u015eacalu&#8217; &#8211;&#8211;&#8211;&#8211;&#8211;&#8211;&#8211;&#8211;&#8211;&#8211;&#8211;&#8211;&#8211;&#8211; Opinia Cititorului: &#8211;Pinguinulfurios &#8211;Max &#8211;Dun\u0103re &#8211;&#8211;&#8211;&#8211;&#8211;&#8211;&#8211;&#8211;&#8211;&#8211;&#8211;&#8211;&#8211;&#8211;&#8211;&#8211;&#8211; Colaboratori de ocazie: -Bogdan Alexandrescu -Mircha &#8211;&#8211;&#8211;&#8211;&#8211;&#8211;&#8211;&#8211;&#8211;&#8211;&#8211;&#8211;&#8211;&#8211;&#8211;&#8211;&#8211;- Suport tehnic: &#8211;B\u0103ncosul &#8211;&#8211;&#8211;&#8211;&#8211;&#8211;&#8211;&#8211;&#8211;&#8211;&#8211;&#8211;&#8211;&#8211;&#8211;&#8211;&#8211;- Suport imagine\/sunet: -Vali Tudor &#8211;&#8211;&#8211;&#8211;&#8211;&#8211;&#8211;&#8211;&#8211;&#8211;&#8211;&#8211;&#8211;&#8211;&#8211;&#8211;&#8211;- &hellip;<\/p>\n","protected":false},"author":1,"featured_media":0,"parent":0,"menu_order":1,"comment_status":"open","ping_status":"closed","template":"","meta":{"footnotes":""},"class_list":["post-5","page","type-page","status-publish","hentry"],"_links":{"self":[{"href":"https:\/\/revistacioburi.ro\/revistacioburi\/wp-json\/wp\/v2\/pages\/5","targetHints":{"allow":["GET"]}}],"collection":[{"href":"https:\/\/revistacioburi.ro\/revistacioburi\/wp-json\/wp\/v2\/pages"}],"about":[{"href":"https:\/\/revistacioburi.ro\/revistacioburi\/wp-json\/wp\/v2\/types\/page"}],"author":[{"embeddable":true,"href":"https:\/\/revistacioburi.ro\/revistacioburi\/wp-json\/wp\/v2\/users\/1"}],"replies":[{"embeddable":true,"href":"https:\/\/revistacioburi.ro\/revistacioburi\/wp-json\/wp\/v2\/comments?post=5"}],"version-history":[{"count":2,"href":"https:\/\/revistacioburi.ro\/revistacioburi\/wp-json\/wp\/v2\/pages\/5\/revisions"}],"predecessor-version":[{"id":12307,"href":"https:\/\/revistacioburi.ro\/revistacioburi\/wp-json\/wp\/v2\/pages\/5\/revisions\/12307"}],"wp:attachment":[{"href":"https:\/\/revistacioburi.ro\/revistacioburi\/wp-json\/wp\/v2\/media?parent=5"}],"curies":[{"name":"wp","href":"https:\/\/api.w.org\/{rel}","templated":true}]}}